{"id":2292,"date":"2024-09-12T13:59:08","date_gmt":"2024-09-12T11:59:08","guid":{"rendered":"http:\/\/novaspirala.cz\/zkusebni-stranka\/"},"modified":"2026-02-06T13:55:10","modified_gmt":"2026-02-06T12:55:10","slug":"zkusebni-stranka","status":"publish","type":"page","link":"https:\/\/novaspirala.cz\/en\/","title":{"rendered":"Home"},"content":{"rendered":"<p><div class=\"fusion-fullwidth fullwidth-box fusion-builder-row-1 fusion-flex-container has-pattern-background has-mask-background nonhundred-percent-fullwidth non-hundred-percent-height-scrolling\" style=\"--awb-border-radius-top-left:0px;--awb-border-radius-top-right:0px;--awb-border-radius-bottom-right:0px;--awb-border-radius-bottom-left:0px;--awb-padding-top:0rem;--awb-padding-bottom:1rem;--awb-background-color:#000000;--awb-flex-wrap:wrap;\" ><div class=\"fusion-builder-row fusion-row fusion-flex-align-items-flex-start fusion-flex-content-wrap\" style=\"max-width:1433.12px;margin-left: calc(-4% \/ 2 );margin-right: calc(-4% \/ 2 );\"><div class=\"fusion-layout-column fusion_builder_column fusion-builder-column-0 fusion_builder_column_1_1 1_1 fusion-flex-column\" style=\"--awb-bg-size:cover;--awb-width-large:100%;--awb-margin-top-large:0px;--awb-spacing-right-large:1.92%;--awb-margin-bottom-large:20px;--awb-spacing-left-large:1.92%;--awb-width-medium:100%;--awb-order-medium:0;--awb-spacing-right-medium:1.92%;--awb-spacing-left-medium:1.92%;--awb-width-small:100%;--awb-order-small:0;--awb-spacing-right-small:1.92%;--awb-spacing-left-small:1.92%;\" data-scroll-devices=\"small-visibility,medium-visibility,large-visibility\"><div class=\"fusion-column-wrapper fusion-column-has-shadow fusion-flex-justify-content-flex-start fusion-content-layout-column\"><div class=\"fusion-title title fusion-title-1 fusion-sep-none fusion-title-text fusion-title-size-one\" style=\"--awb-text-color:var(--awb-color1);--awb-font-size:64px;\"><h1 class=\"fusion-title-heading title-heading-left\" style=\"font-family:&quot;Rhymes &quot;;font-style:normal;font-weight:400;margin:0;font-size:1em;line-height:0.8;\"><p>Nov\u00e1 Spir\u00e1la<br \/>\n<span class=\"podnadpis-h1\">Na V\u00fdstavi\u0161ti<\/span><\/p><\/h1><\/div><\/div><\/div><\/div><\/div><div class=\"fusion-fullwidth fullwidth-box fusion-builder-row-2 fusion-flex-container has-pattern-background has-mask-background slider nonhundred-percent-fullwidth non-hundred-percent-height-scrolling fusion-custom-z-index\" style=\"--awb-border-radius-top-left:0px;--awb-border-radius-top-right:0px;--awb-border-radius-bottom-right:0px;--awb-border-radius-bottom-left:0px;--awb-z-index:1;--awb-padding-bottom:5rem;--awb-background-color:#000000;--awb-flex-wrap:wrap;\" ><div class=\"fusion-builder-row fusion-row fusion-flex-align-items-stretch fusion-flex-content-wrap\" style=\"max-width:calc( 1378px + 5px );margin-left: calc(-5px \/ 2 );margin-right: calc(-5px \/ 2 );\"><div class=\"fusion-layout-column fusion_builder_column fusion-builder-column-1 fusion_builder_column_2_3 2_3 fusion-flex-column fusion-flex-align-self-stretch skok-side\" style=\"--awb-bg-size:cover;--awb-width-large:66.666666666667%;--awb-margin-top-large:0px;--awb-spacing-right-large:2.5px;--awb-margin-bottom-large:0px;--awb-spacing-left-large:2.5px;--awb-width-medium:100%;--awb-order-medium:0;--awb-spacing-right-medium:2.5px;--awb-margin-bottom-medium:10px;--awb-spacing-left-medium:2.5px;--awb-width-small:100%;--awb-order-small:0;--awb-spacing-right-small:2.5px;--awb-spacing-left-small:2.5px;\" data-scroll-devices=\"small-visibility,medium-visibility,large-visibility\"><div class=\"fusion-column-wrapper fusion-column-has-shadow fusion-flex-justify-content-flex-end fusion-content-layout-column\"><div class=\"fusion-post-cards fusion-post-cards-1 awb-carousel awb-swiper awb-swiper-slider awb-swiper-dots-position-bottom\" style=\"--awb-dots-align:center;--awb-columns:1;--awb-filters-color:var(--awb-color8);--awb-active-filter-border-size:3px;--awb-filters-height:36px;\" data-autoplay=\"yes\" data-loop=\"yes\" data-columns=\"1\" data-columnsmedium=\"0\" data-columnssmall=\"0\" data-itemmargin=\"40\" data-itemwidth=\"180\" data-touchscroll=\"no\" data-imagesize=\"auto\" data-scrollitems=\"0\" data-mousepointer=\"default\" data-layout=\"slider\" data-slide-effect=\"fade\"><div class=\"swiper-wrapper\"><div class=\"fusion_builder_column fusion-builder-column-2 fusion-flex-column custom_swiper_video-img fusion-column-inner-bg-wrapper post-card swiper-slide\" style=\"--awb-inner-bg-blend:overlay;--awb-inner-bg-size:cover;--awb-flex-grow:0px;\" data-scroll-devices=\"small-visibility,medium-visibility,large-visibility\"><span class=\"fusion-column-inner-bg hover-type-none\"><a class=\"fusion-column-anchor\" href=\"https:\/\/novaspirala.cz\/en\/program\/human_zoo_en\/\"><span class=\"fusion-column-inner-bg-image\"><\/span><\/a><\/span><div class=\"fusion-column-wrapper fusion-column-has-shadow fusion-flex-justify-content-flex-end fusion-content-layout-column\"><video class=\"slider_video\" width=\"100%\" height=\"100%\" playsinline=\"true\" muted=\"true\" loop=\"true\" preload=\"auto\" autoplay=\"true\"><source src=\"https:\/\/novaspirala.cz\/wp-content\/uploads\/2025\/12\/Human-Zoo-animace-slon.mp4\" type=\"video\/mp4\"><\/video><div class=\"fusion-title title fusion-title-2 fusion-sep-none fusion-title-text fusion-title-size-two\" style=\"--awb-text-color:var(--awb-color1);--awb-margin-bottom:0px;--awb-font-size:48px;\"><h2 class=\"fusion-title-heading title-heading-left\" style=\"margin:0;font-size:1em;\">HUMAN ZOO \u2013 Gospelov\u00e1 Anarchie\/ Gospel Anarchy<\/h2><\/div><\/div><\/div>\n<div class=\"fusion_builder_column fusion-builder-column-3 fusion-flex-column custom_swiper_video-img fusion-column-inner-bg-wrapper post-card swiper-slide\" style=\"--awb-inner-bg-blend:overlay;--awb-inner-bg-size:cover;--awb-flex-grow:0px;\" data-scroll-devices=\"small-visibility,medium-visibility,large-visibility\"><span class=\"fusion-column-inner-bg hover-type-none\"><a class=\"fusion-column-anchor\" href=\"https:\/\/novaspirala.cz\/en\/program\/madisonske-mosty-the-bridges-of-madison-county\/\"><span class=\"fusion-column-inner-bg-image\"><\/span><\/a><\/span><div class=\"fusion-column-wrapper fusion-column-has-shadow fusion-flex-justify-content-flex-end fusion-content-layout-column\"><video class=\"slider_video\" width=\"100%\" height=\"100%\" playsinline=\"true\" muted=\"true\" loop=\"true\" preload=\"auto\" autoplay=\"true\"><source src=\"https:\/\/novaspirala.cz\/wp-content\/uploads\/2024\/09\/video.mp4\" type=\"video\/mp4\"><\/video><div class=\"fusion-title title fusion-title-3 fusion-sep-none fusion-title-text fusion-title-size-two\" style=\"--awb-text-color:var(--awb-color1);--awb-margin-bottom:0px;--awb-font-size:48px;\"><h2 class=\"fusion-title-heading title-heading-left\" style=\"margin:0;font-size:1em;\">Madisonsk\u00e9 mosty\/The Bridges of Madison County<\/h2><\/div><\/div><\/div>\n<\/div><\/div><\/div><\/div><div class=\"fusion-layout-column fusion_builder_column fusion-builder-column-4 fusion_builder_column_1_3 1_3 fusion-flex-column fusion-flex-align-self-stretch\" style=\"--awb-bg-size:cover;--awb-width-large:33.333333333333%;--awb-margin-top-large:0px;--awb-spacing-right-large:2.5px;--awb-margin-bottom-large:0px;--awb-spacing-left-large:2.5px;--awb-width-medium:100%;--awb-order-medium:0;--awb-spacing-right-medium:2.5px;--awb-spacing-left-medium:2.5px;--awb-width-small:100%;--awb-order-small:0;--awb-spacing-right-small:2.5px;--awb-spacing-left-small:2.5px;\" data-scroll-devices=\"small-visibility,medium-visibility,large-visibility\"><div class=\"fusion-column-wrapper fusion-column-has-shadow fusion-flex-justify-content-flex-start fusion-content-layout-column\"><div class=\"fusion-builder-row fusion-builder-row-inner fusion-row fusion-flex-align-items-stretch fusion-flex-content-wrap\" style=\"width:calc( 100% + 5px ) !important;max-width:calc( 100% + 5px ) !important;margin-left: calc(-5px \/ 2 );margin-right: calc(-5px \/ 2 );\"><div class=\"fusion-layout-column fusion_builder_column_inner fusion-builder-nested-column-0 fusion_builder_column_inner_1_1 1_1 fusion-flex-column fusion-column-inner-bg-wrapper\" style=\"--awb-padding-top:60px;--awb-padding-right:20px;--awb-padding-bottom:20px;--awb-padding-left:26px;--awb-inner-bg-image:url(&#039;https:\/\/novaspirala.cz\/wp-content\/uploads\/2025\/01\/Spirala_Vzkriseni_434x134.original.png&#039;);--awb-inner-bg-position:left center;--awb-inner-bg-size:cover;--awb-filter:brightness(100%);--awb-filter-transition:filter 0.3s ease;--awb-filter-hover:brightness(75%);--awb-width-large:100%;--awb-margin-top-large:0px;--awb-spacing-right-large:2.5px;--awb-margin-bottom-large:10px;--awb-spacing-left-large:2.5px;--awb-width-medium:100%;--awb-order-medium:0;--awb-spacing-right-medium:2.5px;--awb-spacing-left-medium:2.5px;--awb-width-small:100%;--awb-order-small:0;--awb-spacing-right-small:2.5px;--awb-spacing-left-small:2.5px;\" data-scroll-devices=\"small-visibility,medium-visibility,large-visibility\"><span class=\"fusion-column-inner-bg hover-type-none\"><a class=\"fusion-column-anchor\" href=\"\/en\/program\"><span class=\"fusion-column-inner-bg-image\"><\/span><\/a><\/span><div class=\"fusion-column-wrapper fusion-column-has-shadow fusion-flex-justify-content-flex-start fusion-content-layout-column fusion-column-has-bg-image\" data-bg-url=\"https:\/\/novaspirala.cz\/wp-content\/uploads\/2025\/01\/Spirala_Vzkriseni_434x134.original.png\"><div class=\"fusion-title title fusion-title-4 fusion-sep-none fusion-title-text fusion-title-size-two nadpis-box-h2\" style=\"--awb-text-color:var(--awb-color1);--awb-margin-bottom:0px;--awb-font-size:32px;\"><h2 class=\"fusion-title-heading title-heading-left\" style=\"margin:0;font-size:1em;line-height:39px;\">Program<\/h2><\/div><\/div><\/div><div class=\"fusion-layout-column fusion_builder_column_inner fusion-builder-nested-column-1 fusion_builder_column_inner_1_1 1_1 fusion-flex-column fusion-column-inner-bg-wrapper\" style=\"--awb-padding-top:60px;--awb-padding-right:20px;--awb-padding-bottom:20px;--awb-padding-left:26px;--awb-inner-bg-image:url(&#039;https:\/\/novaspirala.cz\/wp-content\/uploads\/2025\/01\/Vzkriseni_Spirala_Urban_464x134.original.png&#039;);--awb-inner-bg-position:left center;--awb-inner-bg-size:cover;--awb-filter:brightness(100%);--awb-filter-transition:filter 0.3s ease;--awb-filter-hover:brightness(75%);--awb-width-large:100%;--awb-margin-top-large:0px;--awb-spacing-right-large:2.5px;--awb-margin-bottom-large:10px;--awb-spacing-left-large:2.5px;--awb-width-medium:100%;--awb-order-medium:0;--awb-spacing-right-medium:2.5px;--awb-spacing-left-medium:2.5px;--awb-width-small:100%;--awb-order-small:0;--awb-spacing-right-small:2.5px;--awb-spacing-left-small:2.5px;\" data-scroll-devices=\"small-visibility,medium-visibility,large-visibility\"><span class=\"fusion-column-inner-bg hover-type-none\"><a class=\"fusion-column-anchor\" href=\"\/en\/tickets-discounts\/\"><span class=\"fusion-column-inner-bg-image\"><\/span><\/a><\/span><div class=\"fusion-column-wrapper fusion-column-has-shadow fusion-flex-justify-content-flex-start fusion-content-layout-column fusion-column-has-bg-image\" data-bg-url=\"https:\/\/novaspirala.cz\/wp-content\/uploads\/2025\/01\/Vzkriseni_Spirala_Urban_464x134.original.png\"><div class=\"fusion-title title fusion-title-5 fusion-sep-none fusion-title-text fusion-title-size-two nadpis-box-h2\" style=\"--awb-text-color:var(--awb-color1);--awb-margin-bottom:0px;--awb-font-size:32px;\"><h2 class=\"fusion-title-heading title-heading-left\" style=\"margin:0;font-size:1em;line-height:39px;\">Tickets &amp; discounts<\/h2><\/div><\/div><\/div><div class=\"fusion-layout-column fusion_builder_column_inner fusion-builder-nested-column-2 fusion_builder_column_inner_1_1 1_1 fusion-flex-column fusion-column-inner-bg-wrapper\" style=\"--awb-padding-top:60px;--awb-padding-right:20px;--awb-padding-bottom:20px;--awb-padding-left:26px;--awb-inner-bg-image:url(&#039;https:\/\/novaspirala.cz\/wp-content\/uploads\/2025\/01\/Nova_Spirala_464x134.original.png&#039;);--awb-inner-bg-position:left center;--awb-inner-bg-size:cover;--awb-filter:brightness(100%);--awb-filter-transition:filter 0.3s ease;--awb-filter-hover:brightness(75%);--awb-width-large:100%;--awb-margin-top-large:0px;--awb-spacing-right-large:2.5px;--awb-margin-bottom-large:10px;--awb-spacing-left-large:2.5px;--awb-width-medium:100%;--awb-order-medium:0;--awb-spacing-right-medium:2.5px;--awb-spacing-left-medium:2.5px;--awb-width-small:100%;--awb-order-small:0;--awb-spacing-right-small:2.5px;--awb-spacing-left-small:2.5px;\" data-scroll-devices=\"small-visibility,medium-visibility,large-visibility\"><span class=\"fusion-column-inner-bg hover-type-none\"><a class=\"fusion-column-anchor\" href=\"\/en\/lease\/\"><span class=\"fusion-column-inner-bg-image\"><\/span><\/a><\/span><div class=\"fusion-column-wrapper fusion-column-has-shadow fusion-flex-justify-content-flex-start fusion-content-layout-column fusion-column-has-bg-image\" data-bg-url=\"https:\/\/novaspirala.cz\/wp-content\/uploads\/2025\/01\/Nova_Spirala_464x134.original.png\"><div class=\"fusion-title title fusion-title-6 fusion-sep-none fusion-title-text fusion-title-size-two nadpis-box-h2\" style=\"--awb-text-color:var(--awb-color1);--awb-margin-bottom:0px;--awb-font-size:32px;\"><h2 class=\"fusion-title-heading title-heading-left\" style=\"margin:0;font-size:1em;line-height:1.2;\">Lease<\/h2><\/div><\/div><\/div><div class=\"fusion-layout-column fusion_builder_column_inner fusion-builder-nested-column-3 fusion_builder_column_inner_1_1 1_1 fusion-flex-column fusion-column-inner-bg-wrapper\" style=\"--awb-padding-top:60px;--awb-padding-right:20px;--awb-padding-bottom:20px;--awb-padding-left:26px;--awb-inner-bg-image:url(&#039;https:\/\/novaspirala.cz\/wp-content\/uploads\/2025\/01\/Untitled_464_x_134_px1.original.png&#039;);--awb-inner-bg-position:center center;--awb-inner-bg-size:cover;--awb-filter:brightness(100%);--awb-filter-transition:filter 0.3s ease;--awb-filter-hover:brightness(75%);--awb-width-large:100%;--awb-margin-top-large:0px;--awb-spacing-right-large:2.5px;--awb-margin-bottom-large:10px;--awb-spacing-left-large:2.5px;--awb-width-medium:100%;--awb-order-medium:0;--awb-spacing-right-medium:2.5px;--awb-spacing-left-medium:2.5px;--awb-width-small:100%;--awb-order-small:0;--awb-spacing-right-small:2.5px;--awb-spacing-left-small:2.5px;\" data-scroll-devices=\"small-visibility,medium-visibility,large-visibility\"><span class=\"fusion-column-inner-bg hover-type-none\"><a class=\"fusion-column-anchor\" href=\"https:\/\/novaspirala.cz\/en\/gift-vouchers\/\"><span class=\"fusion-column-inner-bg-image\"><\/span><\/a><\/span><div class=\"fusion-column-wrapper fusion-column-has-shadow fusion-flex-justify-content-flex-start fusion-content-layout-column fusion-column-has-bg-image\" data-bg-url=\"https:\/\/novaspirala.cz\/wp-content\/uploads\/2025\/01\/Untitled_464_x_134_px1.original.png\"><div class=\"fusion-title title fusion-title-7 fusion-sep-none fusion-title-text fusion-title-size-two nadpis-box-h2\" style=\"--awb-text-color:var(--awb-color1);--awb-margin-bottom:0px;--awb-font-size:32px;\"><h2 class=\"fusion-title-heading title-heading-left\" style=\"margin:0;font-size:1em;line-height:1.2;\">Gift vouchers<\/h2><\/div><\/div><\/div><div class=\"fusion-layout-column fusion_builder_column_inner fusion-builder-nested-column-4 fusion_builder_column_inner_1_2 1_2 fusion-flex-column fusion-flex-align-self-stretch fusion-column-inner-bg-wrapper\" style=\"--awb-padding-top:40px;--awb-padding-right:20px;--awb-padding-bottom:20px;--awb-padding-left:26px;--awb-inner-bg-image:url(&#039;https:\/\/novaspirala.cz\/wp-content\/uploads\/2024\/09\/228x228_VkKhPyf.original.png&#039;);--awb-inner-bg-position:center center;--awb-inner-bg-size:cover;--awb-filter:brightness(100%);--awb-filter-transition:filter 0.3s ease;--awb-filter-hover:brightness(75%);--awb-width-large:50%;--awb-margin-top-large:0px;--awb-spacing-right-large:5px;--awb-margin-bottom-large:0px;--awb-spacing-left-large:2.5px;--awb-width-medium:50%;--awb-order-medium:0;--awb-spacing-right-medium:5px;--awb-spacing-left-medium:2.5px;--awb-width-small:50%;--awb-order-small:0;--awb-spacing-right-small:5px;--awb-margin-bottom-small:10px;--awb-spacing-left-small:2.5px;\" data-scroll-devices=\"small-visibility,medium-visibility,large-visibility\"><span class=\"fusion-column-inner-bg hover-type-none\"><a class=\"fusion-column-anchor\" href=\"https:\/\/novaspirala.cz\/en\/directions\/\"><span class=\"fusion-column-inner-bg-image\"><\/span><\/a><\/span><div class=\"fusion-column-wrapper fusion-column-has-shadow fusion-flex-justify-content-flex-end fusion-content-layout-column fusion-column-has-bg-image\" data-bg-url=\"https:\/\/novaspirala.cz\/wp-content\/uploads\/2024\/09\/228x228_VkKhPyf.original.png\"><div class=\"fusion-title title fusion-title-8 fusion-sep-none fusion-title-text fusion-title-size-two nadpis-box-h2\" style=\"--awb-text-color:var(--awb-color1);--awb-margin-bottom:0px;--awb-font-size:32px;\"><h2 class=\"fusion-title-heading title-heading-left\" style=\"margin:0;font-size:1em;line-height:1.2;\">Directions<\/h2><\/div><\/div><\/div><div class=\"fusion-layout-column fusion_builder_column_inner fusion-builder-nested-column-5 fusion_builder_column_inner_1_2 1_2 fusion-flex-column fusion-flex-align-self-stretch fusion-column-inner-bg-wrapper\" style=\"--awb-padding-top:40px;--awb-padding-right:20px;--awb-padding-bottom:20px;--awb-padding-left:26px;--awb-inner-bg-image:url(&#039;https:\/\/novaspirala.cz\/wp-content\/uploads\/2025\/01\/Nova_Spirala_spicka_228x134.original.png&#039;);--awb-inner-bg-position:center center;--awb-inner-bg-size:cover;--awb-filter:brightness(100%);--awb-filter-transition:filter 0.3s ease;--awb-filter-hover:brightness(75%);--awb-width-large:50%;--awb-margin-top-large:0px;--awb-spacing-right-large:2.5px;--awb-margin-bottom-large:0px;--awb-spacing-left-large:5px;--awb-width-medium:50%;--awb-order-medium:0;--awb-spacing-right-medium:2.5px;--awb-spacing-left-medium:5px;--awb-width-small:50%;--awb-order-small:0;--awb-spacing-right-small:2.5px;--awb-spacing-left-small:5px;\" data-scroll-devices=\"small-visibility,medium-visibility,large-visibility\"><span class=\"fusion-column-inner-bg hover-type-none\"><a class=\"fusion-column-anchor\" href=\"https:\/\/novaspirala.cz\/en\/about-nova-spirala\/\"><span class=\"fusion-column-inner-bg-image\"><\/span><\/a><\/span><div class=\"fusion-column-wrapper fusion-column-has-shadow fusion-flex-justify-content-flex-end fusion-content-layout-column fusion-column-has-bg-image\" data-bg-url=\"https:\/\/novaspirala.cz\/wp-content\/uploads\/2025\/01\/Nova_Spirala_spicka_228x134.original.png\"><div class=\"fusion-title title fusion-title-9 fusion-sep-none fusion-title-text fusion-title-size-two nadpis-box-h2\" style=\"--awb-text-color:var(--awb-color1);--awb-margin-bottom:0px;--awb-font-size:32px;\"><h2 class=\"fusion-title-heading title-heading-left\" style=\"margin:0;font-size:1em;line-height:1.2;\">About Nova Spirala<\/h2><\/div><\/div><\/div><\/div><\/div><\/div><\/div><\/div><\/p>\n","protected":false},"excerpt":{"rendered":"","protected":false},"author":1,"featured_media":0,"parent":0,"menu_order":0,"comment_status":"closed","ping_status":"open","template":"100-width.php","meta":{"_acf_changed":false,"footnotes":""},"class_list":["post-2292","page","type-page","status-publish","hentry"],"acf":[],"yoast_head":"<!-- This site is optimized with the Yoast SEO plugin v24.7 - https:\/\/yoast.com\/wordpress\/plugins\/seo\/ -->\n<title>Nov\u00e1 Spir\u00e1la<\/title>\n<meta name=\"description\" content=\"Multi\u017e\u00e1nrov\u00fd kulturn\u00ed prostor s ot\u00e1\u010div\u00fdm kruhov\u00fdm jevi\u0161t\u011bm, vybaven\u00fd nejmodern\u011bj\u0161\u00ed technologi\u00ed s programem nap\u0159\u00ed\u010d \u017e\u00e1nry. Prostor, kter\u00fd V\u00e1s vt\u00e1hne do d\u011bje.\" \/>\n<meta name=\"robots\" content=\"index, follow, max-snippet:-1, max-image-preview:large, max-video-preview:-1\" \/>\n<link rel=\"canonical\" href=\"https:\/\/novaspirala.cz\/en\/\" \/>\n<meta property=\"og:locale\" content=\"en_US\" \/>\n<meta property=\"og:type\" content=\"article\" \/>\n<meta property=\"og:title\" content=\"Nov\u00e1 Spir\u00e1la\" \/>\n<meta property=\"og:description\" content=\"Multi\u017e\u00e1nrov\u00fd kulturn\u00ed prostor s ot\u00e1\u010div\u00fdm kruhov\u00fdm jevi\u0161t\u011bm, vybaven\u00fd nejmodern\u011bj\u0161\u00ed technologi\u00ed s programem nap\u0159\u00ed\u010d \u017e\u00e1nry. Prostor, kter\u00fd V\u00e1s vt\u00e1hne do d\u011bje.\" \/>\n<meta property=\"og:url\" content=\"https:\/\/novaspirala.cz\/en\/\" \/>\n<meta property=\"og:site_name\" content=\"Nov\u00e1 Spir\u00e1la\" \/>\n<meta property=\"article:publisher\" content=\"https:\/\/www.facebook.com\/novaspirala\/?locale=cs_CZ\" \/>\n<meta property=\"article:modified_time\" content=\"2026-02-06T12:55:10+00:00\" \/>\n<meta property=\"og:image\" content=\"https:\/\/novaspirala.cz\/wp-content\/uploads\/2025\/03\/novaspirala_1200x675_facebook.webp\" \/>\n\t<meta property=\"og:image:width\" content=\"1200\" \/>\n\t<meta property=\"og:image:height\" content=\"675\" \/>\n\t<meta property=\"og:image:type\" content=\"image\/webp\" \/>\n<meta name=\"twitter:card\" content=\"summary_large_image\" \/>\n<meta name=\"twitter:label1\" content=\"Est. reading time\" \/>\n\t<meta name=\"twitter:data1\" content=\"2 minutes\" \/>\n<script type=\"application\/ld+json\" class=\"yoast-schema-graph\">{\"@context\":\"https:\/\/schema.org\",\"@graph\":[{\"@type\":\"WebPage\",\"@id\":\"https:\/\/novaspirala.cz\/en\/\",\"url\":\"https:\/\/novaspirala.cz\/en\/\",\"name\":\"Nov\u00e1 Spir\u00e1la\",\"isPartOf\":{\"@id\":\"https:\/\/novaspirala.cz\/en\/#website\"},\"datePublished\":\"2024-09-12T11:59:08+00:00\",\"dateModified\":\"2026-02-06T12:55:10+00:00\",\"description\":\"Multi\u017e\u00e1nrov\u00fd kulturn\u00ed prostor s ot\u00e1\u010div\u00fdm kruhov\u00fdm jevi\u0161t\u011bm, vybaven\u00fd nejmodern\u011bj\u0161\u00ed technologi\u00ed s programem nap\u0159\u00ed\u010d \u017e\u00e1nry. Prostor, kter\u00fd V\u00e1s vt\u00e1hne do d\u011bje.\",\"breadcrumb\":{\"@id\":\"https:\/\/novaspirala.cz\/en\/#breadcrumb\"},\"inLanguage\":\"en-US\",\"potentialAction\":[{\"@type\":\"ReadAction\",\"target\":[\"https:\/\/novaspirala.cz\/en\/\"]}]},{\"@type\":\"BreadcrumbList\",\"@id\":\"https:\/\/novaspirala.cz\/en\/#breadcrumb\",\"itemListElement\":[{\"@type\":\"ListItem\",\"position\":1,\"name\":\"Nov\u00e1 Spir\u00e1la\",\"item\":\"https:\/\/novaspirala.cz\/en\/zkusebni-stranka\/\"},{\"@type\":\"ListItem\",\"position\":2,\"name\":\"Home\"}]},{\"@type\":\"WebSite\",\"@id\":\"https:\/\/novaspirala.cz\/en\/#website\",\"url\":\"https:\/\/novaspirala.cz\/en\/\",\"name\":\"Nov\u00e1 Spir\u00e1la\",\"description\":\"\",\"alternateName\":\"Nov\u00e1 Spir\u00e1la\",\"potentialAction\":[{\"@type\":\"SearchAction\",\"target\":{\"@type\":\"EntryPoint\",\"urlTemplate\":\"https:\/\/novaspirala.cz\/en\/?s={search_term_string}\"},\"query-input\":{\"@type\":\"PropertyValueSpecification\",\"valueRequired\":true,\"valueName\":\"search_term_string\"}}],\"inLanguage\":\"en-US\"}]}<\/script>\n<!-- \/ Yoast SEO plugin. -->","yoast_head_json":{"title":"Nov\u00e1 Spir\u00e1la","description":"Multi\u017e\u00e1nrov\u00fd kulturn\u00ed prostor s ot\u00e1\u010div\u00fdm kruhov\u00fdm jevi\u0161t\u011bm, vybaven\u00fd nejmodern\u011bj\u0161\u00ed technologi\u00ed s programem nap\u0159\u00ed\u010d \u017e\u00e1nry. Prostor, kter\u00fd V\u00e1s vt\u00e1hne do d\u011bje.","robots":{"index":"index","follow":"follow","max-snippet":"max-snippet:-1","max-image-preview":"max-image-preview:large","max-video-preview":"max-video-preview:-1"},"canonical":"https:\/\/novaspirala.cz\/en\/","og_locale":"en_US","og_type":"article","og_title":"Nov\u00e1 Spir\u00e1la","og_description":"Multi\u017e\u00e1nrov\u00fd kulturn\u00ed prostor s ot\u00e1\u010div\u00fdm kruhov\u00fdm jevi\u0161t\u011bm, vybaven\u00fd nejmodern\u011bj\u0161\u00ed technologi\u00ed s programem nap\u0159\u00ed\u010d \u017e\u00e1nry. Prostor, kter\u00fd V\u00e1s vt\u00e1hne do d\u011bje.","og_url":"https:\/\/novaspirala.cz\/en\/","og_site_name":"Nov\u00e1 Spir\u00e1la","article_publisher":"https:\/\/www.facebook.com\/novaspirala\/?locale=cs_CZ","article_modified_time":"2026-02-06T12:55:10+00:00","og_image":[{"width":1200,"height":675,"url":"https:\/\/novaspirala.cz\/wp-content\/uploads\/2025\/03\/novaspirala_1200x675_facebook.webp","type":"image\/webp"}],"twitter_card":"summary_large_image","twitter_misc":{"Est. reading time":"2 minutes"},"schema":{"@context":"https:\/\/schema.org","@graph":[{"@type":"WebPage","@id":"https:\/\/novaspirala.cz\/en\/","url":"https:\/\/novaspirala.cz\/en\/","name":"Nov\u00e1 Spir\u00e1la","isPartOf":{"@id":"https:\/\/novaspirala.cz\/en\/#website"},"datePublished":"2024-09-12T11:59:08+00:00","dateModified":"2026-02-06T12:55:10+00:00","description":"Multi\u017e\u00e1nrov\u00fd kulturn\u00ed prostor s ot\u00e1\u010div\u00fdm kruhov\u00fdm jevi\u0161t\u011bm, vybaven\u00fd nejmodern\u011bj\u0161\u00ed technologi\u00ed s programem nap\u0159\u00ed\u010d \u017e\u00e1nry. Prostor, kter\u00fd V\u00e1s vt\u00e1hne do d\u011bje.","breadcrumb":{"@id":"https:\/\/novaspirala.cz\/en\/#breadcrumb"},"inLanguage":"en-US","potentialAction":[{"@type":"ReadAction","target":["https:\/\/novaspirala.cz\/en\/"]}]},{"@type":"BreadcrumbList","@id":"https:\/\/novaspirala.cz\/en\/#breadcrumb","itemListElement":[{"@type":"ListItem","position":1,"name":"Nov\u00e1 Spir\u00e1la","item":"https:\/\/novaspirala.cz\/en\/zkusebni-stranka\/"},{"@type":"ListItem","position":2,"name":"Home"}]},{"@type":"WebSite","@id":"https:\/\/novaspirala.cz\/en\/#website","url":"https:\/\/novaspirala.cz\/en\/","name":"Nov\u00e1 Spir\u00e1la","description":"","alternateName":"Nov\u00e1 Spir\u00e1la","potentialAction":[{"@type":"SearchAction","target":{"@type":"EntryPoint","urlTemplate":"https:\/\/novaspirala.cz\/en\/?s={search_term_string}"},"query-input":{"@type":"PropertyValueSpecification","valueRequired":true,"valueName":"search_term_string"}}],"inLanguage":"en-US"}]}},"_links":{"self":[{"href":"https:\/\/novaspirala.cz\/en\/wp-json\/wp\/v2\/pages\/2292","targetHints":{"allow":["GET"]}}],"collection":[{"href":"https:\/\/novaspirala.cz\/en\/wp-json\/wp\/v2\/pages"}],"about":[{"href":"https:\/\/novaspirala.cz\/en\/wp-json\/wp\/v2\/types\/page"}],"author":[{"embeddable":true,"href":"https:\/\/novaspirala.cz\/en\/wp-json\/wp\/v2\/users\/1"}],"replies":[{"embeddable":true,"href":"https:\/\/novaspirala.cz\/en\/wp-json\/wp\/v2\/comments?post=2292"}],"version-history":[{"count":16,"href":"https:\/\/novaspirala.cz\/en\/wp-json\/wp\/v2\/pages\/2292\/revisions"}],"predecessor-version":[{"id":4912,"href":"https:\/\/novaspirala.cz\/en\/wp-json\/wp\/v2\/pages\/2292\/revisions\/4912"}],"wp:attachment":[{"href":"https:\/\/novaspirala.cz\/en\/wp-json\/wp\/v2\/media?parent=2292"}],"curies":[{"name":"wp","href":"https:\/\/api.w.org\/{rel}","templated":true}]}}